{"id":1459,"date":"2024-10-30T22:57:20","date_gmt":"2024-10-30T21:57:20","guid":{"rendered":"https:\/\/www.didmath.phil.fau.de\/?page_id=1459"},"modified":"2026-03-03T17:14:38","modified_gmt":"2026-03-03T16:14:38","slug":"performa","status":"publish","type":"page","link":"https:\/\/www.didmath.phil.fau.de\/en\/forschung\/performa\/","title":{"rendered":"PerformA"},"content":{"rendered":"\n<p><strong>Objectives<\/strong><\/p>\n\n\n\n<ul class=\"wp-block-list\">\n<li>Development of a performance-based assessment based on micro-teaching scenarios for use in teacher education.<\/li>\n\n\n\n<li>Investigation of facets of teacher professionalism (school-related content knowledge, subject-specific teaching competence) as factors influencing instructional quality in mathematics education.<\/li>\n<\/ul>\n\n\n\n<p><strong>Funding<\/strong><\/p>\n\n\n\n<p>2020-2025, Institutional Funding<\/p>\n\n\n\n<p><strong>Relation to Other Projects<\/strong><\/p>\n\n\n\n<p>PerfomA follows up on the results of the BMBF-funded projects ELMAWI and ELMAWI-Transfer.<\/p>\n\n\n\n<p><strong>Team members<br><\/strong><\/p>\n\n\n\n<ul class=\"wp-block-list\">\n<li><a href=\"https:\/\/www.didmath.phil.fau.de\/en\/team\/carina-albu\/\">Carina Albu<\/a><\/li>\n\n\n\n<li><a title=\"Prof. Dr. Anke Lindmeier\" href=\"https:\/\/www.didmath.phil.fau.de\/en\/team\/lindmeier\/\">Prof. Dr. Anke Lindmeier&nbsp;<\/a><\/li>\n<\/ul>\n\n\n\n<p><strong>Publications<\/strong><\/p>\n\n\n\n<ul class=\"wp-block-list\">\n<li><strong>Albu, C., &amp; Lindmeier, A. (2025). <\/strong><em>PerformA \u2013 Lehr-Lern-Material zur F\u00f6rderung der praktischen Anwendung von schulbezogenem Fachwissen f\u00fcr angehende Mathematiklehrkr\u00e4fte der Sekundarstufe<\/em>. Zenodo. <a href=\"https:\/\/doi.org\/10.5281\/zenodo.14338250\">https:\/\/doi.org\/10.5281\/zenodo.14338250<\/a><\/li>\n\n\n\n<li>Albu, C. &amp; Lindmeier, A. (2023). Performance assessment in teacher education research \u2013 A scoping review of characteristics of assessment instruments in the DACH region.&nbsp;<em>Zeitschrift fu\u0308r Erziehungswissenschaft,&nbsp;<\/em>26, 751\u2013778.&nbsp;<a href=\"https:\/\/doi.org\/10.1007\/s11618-023-01167-7\" target=\"_blank\" rel=\"noopener\">https:\/\/doi.org\/10.1007\/s11618-023-01167-7<\/a><\/li>\n<\/ul>\n\n\n\n<h3 class=\"wp-block-heading\">Contact<\/h3>\n\n\n<div class=\"faudir\">\r\n    <div class=\"format-card\">\r\n                    <section class=\"format-card-container\" aria-labelledby=\"section-title-158739317-1082\" itemscope itemtype=\"https:\/\/schema.org\/Person\">\r\n                                    <div class=\"profile-image-section\">\r\n                        <a href=\"https:\/\/www.didmath.phil.fau.de\/en\/team\/carina-albu\/\"><figure itemprop=\"image\" itemscope itemtype=\"http:\/\/schema.org\/ImageObject\"><img loading=\"lazy\" decoding=\"async\" src=\"https:\/\/www.didmath.phil.fau.de\/files\/2024\/10\/Carina-e1772437118504.jpg\" alt=\"CA\" itemprop=\"contentUrl\"><meta itemprop=\"width\" content=\"140\"><meta itemprop=\"height\" content=\"123\"><meta itemprop=\"license\" content=\"https:\/\/www.didmath.phil.fau.de\/imprint\"><\/figure><\/a>                    <\/div>\r\n                \r\n                <header class=\"profile-header\">\r\n                    <h1 id=\"section-title-158739317-1082\"><a itemprop=\"url\" href=\"https:\/\/www.didmath.phil.fau.de\/en\/team\/carina-albu\/\"><span class=\"displayname\" itemprop=\"name\"><span class=\"namepart\"><span itemprop=\"givenName\">Carina<\/span> <span itemprop=\"familyName\">Albu<\/span><\/span><\/span><\/a><\/h1><p class=\"organisation_name\"><span class=\"organization\" itemprop=\"name\">Chair of Mathematics Education Research<\/span><\/p><p class=\"jobtitle\">Research associates<\/p>                <\/header>\r\n\r\n                <div class=\"profile-details\">\r\n                    <div class=\"profile-contact icon icon-list\"><h2 class=\"screen-reader-text\">Contact<\/h2><ul class=\"list-icons\"><li class=\"email listcontent\"><span class=\"value\"><span class=\"screen-reader-text\">Email: <\/span><a itemprop=\"email\" href=\"mailto:carina.albu@fau.de\">carina.albu@fau.de<\/a><\/span><\/li><\/ul><\/div><div class=\"profile-socialmedia\"><h2 class=\"screen-reader-text\">Social Media and Websites<\/h2><span class=\"icon-list icon\"><ul class=\"list-icons\"><li><a href=\"https:\/\/orcid.org\/0000-0002-6156-2547\" itemprop=\"sameAs\" aria-label=\"Orcid-Profile of Carina Albu\"><span class=\"link-text\" aria-hidden=\"true\">orcid.org\/0000-0002-6156-2547<\/span><\/a><\/li><li><a href=\"https:\/\/www.researchgate.net\/profile\/Carina-Albu\" itemprop=\"sameAs\" aria-label=\"Researchgate-Profile of Carina Albu\"><span class=\"link-text\" aria-hidden=\"true\">www.researchgate.net\/profile\/Carina-Albu<\/span><\/a><\/li><\/ul><\/span><\/div>                    \r\n                <\/div>\r\n            <\/section>\r\n                <\/div>\r\n    <\/div>","protected":false},"excerpt":{"rendered":"<p>Objectives Funding 2020-2025, Institutional Funding Relation to Other Projects PerfomA follows up on the results of the BMBF-funded projects ELMAWI and ELMAWI-Transfer. Team members Publications Contact<\/p>\n","protected":false},"author":5119,"featured_media":0,"parent":1282,"menu_order":30,"comment_status":"closed","ping_status":"closed","template":"","meta":{"_rrze_cache":"enabled","_rrze_multilang_single_locale":"en_US","_rrze_multilang_single_source":"https:\/\/www.didmath.phil.fau.de\/?page_id=1457","footnotes":""},"page_category":[53],"page_tag":[],"class_list":["post-1459","page","type-page","status-publish","hentry","page_category-general","en-US"],"_links":{"self":[{"href":"https:\/\/www.didmath.phil.fau.de\/wp-json\/wp\/v2\/pages\/1459","targetHints":{"allow":["GET"]}}],"collection":[{"href":"https:\/\/www.didmath.phil.fau.de\/wp-json\/wp\/v2\/pages"}],"about":[{"href":"https:\/\/www.didmath.phil.fau.de\/wp-json\/wp\/v2\/types\/page"}],"author":[{"embeddable":true,"href":"https:\/\/www.didmath.phil.fau.de\/wp-json\/wp\/v2\/users\/5119"}],"replies":[{"embeddable":true,"href":"https:\/\/www.didmath.phil.fau.de\/wp-json\/wp\/v2\/comments?post=1459"}],"version-history":[{"count":10,"href":"https:\/\/www.didmath.phil.fau.de\/wp-json\/wp\/v2\/pages\/1459\/revisions"}],"predecessor-version":[{"id":2069,"href":"https:\/\/www.didmath.phil.fau.de\/wp-json\/wp\/v2\/pages\/1459\/revisions\/2069"}],"up":[{"embeddable":true,"href":"https:\/\/www.didmath.phil.fau.de\/wp-json\/wp\/v2\/pages\/1282"}],"wp:attachment":[{"href":"https:\/\/www.didmath.phil.fau.de\/wp-json\/wp\/v2\/media?parent=1459"}],"wp:term":[{"taxonomy":"page_category","embeddable":true,"href":"https:\/\/www.didmath.phil.fau.de\/wp-json\/wp\/v2\/page_category?post=1459"},{"taxonomy":"page_tag","embeddable":true,"href":"https:\/\/www.didmath.phil.fau.de\/wp-json\/wp\/v2\/page_tag?post=1459"}],"curies":[{"name":"wp","href":"https:\/\/api.w.org\/{rel}","templated":true}]}}