{"id":1766,"date":"2025-11-06T16:53:18","date_gmt":"2025-11-06T15:53:18","guid":{"rendered":"https:\/\/www.didmath.phil.fau.de\/?page_id=1766"},"modified":"2026-03-03T17:14:50","modified_gmt":"2026-03-03T16:14:50","slug":"kyma-know-your-math","status":"publish","type":"page","link":"https:\/\/www.didmath.phil.fau.de\/en\/forschung\/kyma-know-your-math\/","title":{"rendered":"kyMa"},"content":{"rendered":"\n<p>We investigate the competences future teachers acquire for mathematics instruction during their teacher training program and how pre-service teachers and career changers differ in their paths to professionalization.<\/p>\n\n\n\n<p><strong>Objectives<\/strong><\/p>\n\n\n\n<ul class=\"wp-block-list\">\n<li>Development of an online assessment tool to measure professional competences of (prospective) mathematics teachers and career changers specializing in mathematics.<\/li>\n\n\n\n<li>Investigation of the role of practical training phases and professional resources in teacher education and professionalization.<\/li>\n<\/ul>\n\n\n\n<p><strong>Funding<\/strong><\/p>\n\n\n\n<p><span style=\"font-size: 13.0pt;font-family: Roboto;color: #222222\">2023\u20132025, Institutional Funding<\/span><\/p>\n\n\n\n<p><strong>Team members<\/strong><\/p>\n\n\n\n<ul class=\"wp-block-list\">\n<li><a title=\"Carina Albu\" href=\"https:\/\/www.didmath.phil.fau.de\/en\/team\/carina-albu\/\">Carina Albu<\/a><\/li>\n\n\n\n<li><a href=\"https:\/\/www.math.ovgu.de\/Institute\/IAG\/Didaktik+der+Mathematik\/Mitglieder\/Katrin+F%C3%B6rtsch.html\" target=\"_blank\" rel=\"noopener\">Katrin F\u00f6rtsch<\/a> (Otto-von-Guericke-Universit\u00e4t Magdeburg)<\/li>\n\n\n\n<li><a href=\"https:\/\/www.uni-potsdam.de\/de\/mathematikdidaktik\/arbeitsgruppen\/didaktik-ii\/prof-dr-sebastian-geisler\" target=\"_blank\" rel=\"noopener\">Prof. Dr. Sebastian Geisler&nbsp;<\/a> (Universit\u00e4t Potsdam)<\/li>\n\n\n\n<li><a href=\"https:\/\/www.math.ovgu.de\/rach.html\" target=\"_blank\" rel=\"noopener\">Prof. Dr. Stefanie Rach<\/a> (Otto-von-Guericke-Universit\u00e4t Magdeburg)<\/li>\n\n\n\n<li><a title=\"Prof. Dr. Anke Lindmeier\" href=\"https:\/\/www.didmath.phil.fau.de\/en\/team\/lindmeier\/\">Prof. Dr. Anke Lindmeier&nbsp;<\/a><\/li>\n<\/ul>\n\n\n\n<p><strong>Publications<\/strong><\/p>\n\n\n\n<ul class=\"wp-block-list\">\n<li>F\u00f6rtsch, K., Rach, S. (2025):&nbsp;<em>Vorberufliche Erfahrungen von Lehrkr\u00e4ften im Seiteneinstieg: Potenziale f\u00fcr den Mathematikunterricht? <\/em><\/li>\n\n\n\n<li>F\u00f6rtsch, K., Albu, C., Rach, S., Geisler, S., Lindmeier, A. (2024): <em>Professionelle Kompetenzen von angehenden Lehrkr\u00e4ften und Lehrkr\u00e4ften im Seiteneinstieg: das Projekt kyMa. <\/em>Beitr\u00e4ge zum Mathematikunterricht 2024.<\/li>\n<\/ul>\n\n\n\n<h3 class=\"wp-block-heading\">Contact<\/h3>\n\n\n<div class=\"faudir\">\r\n    <div class=\"format-card\">\r\n                    <section class=\"format-card-container\" aria-labelledby=\"section-title-158739317-4807\" itemscope itemtype=\"https:\/\/schema.org\/Person\">\r\n                                    <div class=\"profile-image-section\">\r\n                        <a href=\"https:\/\/www.didmath.phil.fau.de\/en\/team\/carina-albu\/\"><figure itemprop=\"image\" itemscope itemtype=\"http:\/\/schema.org\/ImageObject\"><img loading=\"lazy\" decoding=\"async\" src=\"https:\/\/www.didmath.phil.fau.de\/files\/2024\/10\/Carina-e1772437118504.jpg\" alt=\"CA\" itemprop=\"contentUrl\"><meta itemprop=\"width\" content=\"140\"><meta itemprop=\"height\" content=\"123\"><meta itemprop=\"license\" content=\"https:\/\/www.didmath.phil.fau.de\/imprint\"><\/figure><\/a>                    <\/div>\r\n                \r\n                <header class=\"profile-header\">\r\n                    <h1 id=\"section-title-158739317-4807\"><a itemprop=\"url\" href=\"https:\/\/www.didmath.phil.fau.de\/en\/team\/carina-albu\/\"><span class=\"displayname\" itemprop=\"name\"><span class=\"namepart\"><span itemprop=\"givenName\">Carina<\/span> <span itemprop=\"familyName\">Albu<\/span><\/span><\/span><\/a><\/h1><p class=\"organisation_name\"><span class=\"organization\" itemprop=\"name\">Chair of Mathematics Education Research<\/span><\/p><p class=\"jobtitle\">Research associates<\/p>                <\/header>\r\n\r\n                <div class=\"profile-details\">\r\n                    <div class=\"profile-contact icon icon-list\"><h2 class=\"screen-reader-text\">Contact<\/h2><ul class=\"list-icons\"><li class=\"email listcontent\"><span class=\"value\"><span class=\"screen-reader-text\">Email: <\/span><a itemprop=\"email\" href=\"mailto:carina.albu@fau.de\">carina.albu@fau.de<\/a><\/span><\/li><\/ul><\/div><div class=\"profile-socialmedia\"><h2 class=\"screen-reader-text\">Social Media and Websites<\/h2><span class=\"icon-list icon\"><ul class=\"list-icons\"><li><a href=\"https:\/\/orcid.org\/0000-0002-6156-2547\" itemprop=\"sameAs\" aria-label=\"Orcid-Profile of Carina Albu\"><span class=\"link-text\" aria-hidden=\"true\">orcid.org\/0000-0002-6156-2547<\/span><\/a><\/li><li><a href=\"https:\/\/www.researchgate.net\/profile\/Carina-Albu\" itemprop=\"sameAs\" aria-label=\"Researchgate-Profile of Carina Albu\"><span class=\"link-text\" aria-hidden=\"true\">www.researchgate.net\/profile\/Carina-Albu<\/span><\/a><\/li><\/ul><\/span><\/div>                    \r\n                <\/div>\r\n            <\/section>\r\n                <\/div>\r\n    <\/div>","protected":false},"excerpt":{"rendered":"<p>We investigate the competences future teachers acquire for mathematics instruction during their teacher training program and how pre-service teachers and career changers differ in their paths to professionalization. Objectives Funding 2023\u20132025, Institutional Funding Team members Publications Contact<\/p>\n","protected":false},"author":1316,"featured_media":0,"parent":1282,"menu_order":40,"comment_status":"closed","ping_status":"closed","template":"","meta":{"_rrze_cache":"enabled","_rrze_multilang_single_locale":"en_US","_rrze_multilang_single_source":"https:\/\/www.didmath.phil.fau.de\/?page_id=1474","footnotes":""},"page_category":[53],"page_tag":[],"class_list":["post-1766","page","type-page","status-publish","hentry","page_category-general","en-US"],"_links":{"self":[{"href":"https:\/\/www.didmath.phil.fau.de\/wp-json\/wp\/v2\/pages\/1766","targetHints":{"allow":["GET"]}}],"collection":[{"href":"https:\/\/www.didmath.phil.fau.de\/wp-json\/wp\/v2\/pages"}],"about":[{"href":"https:\/\/www.didmath.phil.fau.de\/wp-json\/wp\/v2\/types\/page"}],"author":[{"embeddable":true,"href":"https:\/\/www.didmath.phil.fau.de\/wp-json\/wp\/v2\/users\/1316"}],"replies":[{"embeddable":true,"href":"https:\/\/www.didmath.phil.fau.de\/wp-json\/wp\/v2\/comments?post=1766"}],"version-history":[{"count":6,"href":"https:\/\/www.didmath.phil.fau.de\/wp-json\/wp\/v2\/pages\/1766\/revisions"}],"predecessor-version":[{"id":2068,"href":"https:\/\/www.didmath.phil.fau.de\/wp-json\/wp\/v2\/pages\/1766\/revisions\/2068"}],"up":[{"embeddable":true,"href":"https:\/\/www.didmath.phil.fau.de\/wp-json\/wp\/v2\/pages\/1282"}],"wp:attachment":[{"href":"https:\/\/www.didmath.phil.fau.de\/wp-json\/wp\/v2\/media?parent=1766"}],"wp:term":[{"taxonomy":"page_category","embeddable":true,"href":"https:\/\/www.didmath.phil.fau.de\/wp-json\/wp\/v2\/page_category?post=1766"},{"taxonomy":"page_tag","embeddable":true,"href":"https:\/\/www.didmath.phil.fau.de\/wp-json\/wp\/v2\/page_tag?post=1766"}],"curies":[{"name":"wp","href":"https:\/\/api.w.org\/{rel}","templated":true}]}}